{"id":61,"date":"2026-02-09T16:23:41","date_gmt":"2026-02-09T21:23:41","guid":{"rendered":"https:\/\/ehebert.dectim.ca\/projectx\/tp2\/?page_id=61"},"modified":"2026-05-11T14:45:29","modified_gmt":"2026-05-11T18:45:29","slug":"nos-services","status":"publish","type":"page","link":"https:\/\/ehebert.dectim.ca\/projectx\/tp2\/nos-services\/","title":{"rendered":"Nos services"},"content":{"rendered":"\n<div class=\"wp-block-cover alignfull has-custom-content-position is-position-bottom-center hero-gradient wp-duotone-unset-1\" style=\"margin-top:0;margin-bottom:0;padding-top:60px;padding-right:0;padding-bottom:60px;padding-left:0;min-height:70vh;aspect-ratio:unset;\"><img loading=\"lazy\" decoding=\"async\" width=\"1500\" height=\"1001\" class=\"wp-block-cover__image-background wp-image-5737 size-full\" alt=\"\" src=\"https:\/\/ehebert.dectim.ca\/projectx\/tp2\/wp-content\/uploads\/2026\/05\/Hero-projet-1.webp\" data-object-fit=\"cover\" srcset=\"https:\/\/ehebert.dectim.ca\/projectx\/tp2\/wp-content\/uploads\/2026\/05\/Hero-projet-1.webp 1500w, https:\/\/ehebert.dectim.ca\/projectx\/tp2\/wp-content\/uploads\/2026\/05\/Hero-projet-1-300x200.webp 300w, https:\/\/ehebert.dectim.ca\/projectx\/tp2\/wp-content\/uploads\/2026\/05\/Hero-projet-1-1024x683.webp 1024w, https:\/\/ehebert.dectim.ca\/projectx\/tp2\/wp-content\/uploads\/2026\/05\/Hero-projet-1-768x513.webp 768w, https:\/\/ehebert.dectim.ca\/projectx\/tp2\/wp-content\/uploads\/2026\/05\/Hero-projet-1-500x334.webp 500w, https:\/\/ehebert.dectim.ca\/projectx\/tp2\/wp-content\/uploads\/2026\/05\/Hero-projet-1-800x534.webp 800w, https:\/\/ehebert.dectim.ca\/projectx\/tp2\/wp-content\/uploads\/2026\/05\/Hero-projet-1-1280x854.webp 1280w\" sizes=\"auto, (max-width: 1500px) 100vw, 1500px\" \/><span aria-hidden=\"true\" class=\"wp-block-cover__background has-background-dim-100 has-background-dim wp-block-cover__gradient-background has-background-gradient\" style=\"background:linear-gradient(0deg,rgb(11,12,16) 0%,rgba(0,0,0,0) 0%)\"><\/span><div class=\"wp-block-cover__inner-container is-layout-constrained wp-container-core-cover-is-layout-612d57bd wp-block-cover-is-layout-constrained\">\n<div class=\"wp-block-group is-vertical is-content-justification-center is-layout-flex wp-container-core-group-is-layout-73867b6b wp-block-group-is-layout-flex\" style=\"min-height:40vh\">\n<div data-aos= \"fade\" data-aos-duration=\"400\" data-aos-delay=\"0\" data-aos-easing=\"ease\" data-aos-once=\"true\" class=\"wp-block-uagb-container uagb-layout-flex uagb-block-eaa7c5b9 alignfull uagb-is-root-container\"><div class=\"uagb-container-inner-blocks-wrap\">\n<h1 class=\"wp-block-heading has-text-align-center has-ast-global-color-2-color has-text-color has-link-color wp-elements-65c72d2d8fcaa791aeb9b88a8a8282bd\" style=\"margin-top:0;margin-right:0;margin-bottom:0;margin-left:0\">Des solutions visuelles modernes et dynamiques<\/h1>\n<\/div><\/div>\n<\/div>\n<\/div><\/div>\n\n\n\n<div class=\"wp-block-uagb-container uagb-block-54cb7455 alignfull uagb-is-root-container\"><div class=\"uagb-container-inner-blocks-wrap\"><h2 style=\"padding-right:0;padding-left:0;padding-top:0;padding-bottom:0;margin-top:0;margin-bottom:0;margin-left:0;margin-right:0;\" class=\"has-text-align-center has-link-color wp-elements-56dc900b5c339bf29ba99e940dafca57 wp-block-post-title has-text-color has-ast-global-color-0-color\">Nos services<\/h2>\n\n\n<h3 class=\"wp-block-heading has-text-align-center\" style=\"margin-top:0;margin-right:0;margin-bottom:0;margin-left:0;padding-top:0;padding-right:0;padding-bottom:0;padding-left:0\">Propulsez votre pr\u00e9sence en ligne gr\u00e2ce \u00e0 notre savoir-faire technique et cr\u00e9atif.<\/h3>\n<\/div><\/div>\n\n\n\n<div data-aos= \"fade-up\" data-aos-duration=\"400\" data-aos-delay=\"0\" data-aos-easing=\"ease\" data-aos-once=\"true\" class=\"wp-block-uagb-container uagb-block-b817f7f5 alignfull uagb-is-root-container\"><div class=\"uagb-container-inner-blocks-wrap\">\n<div class=\"wp-block-query services-grid is-layout-flow wp-block-query-is-layout-flow\"><ul style=\"padding-top:0;padding-bottom:0;padding-left:0;padding-right:0;margin-top:0;margin-bottom:0;margin-left:0;margin-right:0;\" class=\"columns-1 wp-block-post-template is-layout-grid wp-container-core-post-template-is-layout-0df38897 wp-block-post-template-is-layout-grid\"><li class=\"wp-block-post post-2770 post type-post status-publish format-standard has-post-thumbnail hentry category-service\">\n\n<div class=\"wp-block-uagb-container uagb-block-01944af0 default uagb-is-root-container\">\n<div class=\"wp-block-cover card-service hover-scaleX2\" style=\"margin-top:0;margin-bottom:0;padding-top:30px;padding-right:28px;padding-bottom:30px;padding-left:28px\"><span aria-hidden=\"true\" class=\"wp-block-cover__background has-background-dim-70 has-background-dim has-background-gradient\" style=\"background:linear-gradient(270deg,rgb(0,0,0) 0%,rgb(102,102,102) 100%)\"><\/span><img loading=\"lazy\" decoding=\"async\" width=\"2560\" height=\"1707\" src=\"https:\/\/ehebert.dectim.ca\/projectx\/tp2\/wp-content\/uploads\/2026\/04\/Nos-services-design.webp\" class=\"wp-block-cover__image-background wp-post-image\" alt=\"\" data-object-fit=\"cover\" srcset=\"https:\/\/ehebert.dectim.ca\/projectx\/tp2\/wp-content\/uploads\/2026\/04\/Nos-services-design.webp 2560w, https:\/\/ehebert.dectim.ca\/projectx\/tp2\/wp-content\/uploads\/2026\/04\/Nos-services-design-300x200.webp 300w, https:\/\/ehebert.dectim.ca\/projectx\/tp2\/wp-content\/uploads\/2026\/04\/Nos-services-design-1024x683.webp 1024w, https:\/\/ehebert.dectim.ca\/projectx\/tp2\/wp-content\/uploads\/2026\/04\/Nos-services-design-768x512.webp 768w, https:\/\/ehebert.dectim.ca\/projectx\/tp2\/wp-content\/uploads\/2026\/04\/Nos-services-design-1536x1024.webp 1536w, https:\/\/ehebert.dectim.ca\/projectx\/tp2\/wp-content\/uploads\/2026\/04\/Nos-services-design-2048x1366.webp 2048w, https:\/\/ehebert.dectim.ca\/projectx\/tp2\/wp-content\/uploads\/2026\/04\/Nos-services-design-500x333.webp 500w, https:\/\/ehebert.dectim.ca\/projectx\/tp2\/wp-content\/uploads\/2026\/04\/Nos-services-design-800x533.webp 800w, https:\/\/ehebert.dectim.ca\/projectx\/tp2\/wp-content\/uploads\/2026\/04\/Nos-services-design-1280x854.webp 1280w, https:\/\/ehebert.dectim.ca\/projectx\/tp2\/wp-content\/uploads\/2026\/04\/Nos-services-design-1920x1280.webp 1920w\" sizes=\"auto, (max-width: 2560px) 100vw, 2560px\" \/><div class=\"wp-block-cover__inner-container is-layout-constrained wp-container-core-cover-is-layout-c07d4870 wp-block-cover-is-layout-constrained\"><a class=\"service-link-cover wp-block-read-more\" href=\"https:\/\/ehebert.dectim.ca\/projectx\/tp2\/design-et-identite-visuelle\/\" target=\"_self\"> En savoir plus<span class=\"screen-reader-text\">\u00a0: Design et Identit\u00e9 visuelle<\/span><\/a>\n\n<h2 class=\"has-text-align-right has-link-color wp-elements-7f68a26e529b7cd4219e886c1b1eb9ff wp-block-post-title has-text-color has-ast-global-color-0-color\">Design et Identit\u00e9 visuelle<\/h2>\n\n<div style=\"font-size:24px; padding-top:0;padding-bottom:0;padding-right:0;padding-left:40%;margin-top:0;margin-bottom:0;margin-left:0;margin-right:0;\" class=\"has-text-align-right has-link-color wp-elements-537455e8e66706e35afd9dc0f37fbaf8 wp-block-post-excerpt has-text-color has-ast-global-color-2-color\"><p class=\"wp-block-post-excerpt__excerpt\">Nous concevons des identit\u00e9s visuelles distinctives qui donnent une personnalit\u00e9 forte \u00e0 votre marque.<\/p><p class=\"wp-block-post-excerpt__more-text\"><a class=\"wp-block-post-excerpt__more-link\" href=\"https:\/\/ehebert.dectim.ca\/projectx\/tp2\/design-et-identite-visuelle\/\"> <\/a><\/p><\/div>\n\n\n<div class=\"wp-block-uagb-container card-arrow uagb-block-c03bcd12 default uagb-is-root-container\"><a class=\"wp-block-read-more\" href=\"https:\/\/ehebert.dectim.ca\/projectx\/tp2\/design-et-identite-visuelle\/\" target=\"_self\"> En savoir plus<span class=\"screen-reader-text\">\u00a0: Design et Identit\u00e9 visuelle<\/span><\/a>\n\n\n<p class=\"has-text-align-right has-ast-global-color-0-color has-text-color has-link-color wp-elements-cbbb26790bc766e245695e8f7aaca1bf\" style=\"margin-top:0;margin-right:0;margin-bottom:0;margin-left:0;font-size:18px\"> \u2192<\/p>\n<\/div>\n<\/div><\/div>\n<\/div>\n\n<\/li><li class=\"wp-block-post post-822 post type-post status-publish format-standard has-post-thumbnail hentry category-service\">\n\n<div class=\"wp-block-uagb-container uagb-block-01944af0 default uagb-is-root-container\">\n<div class=\"wp-block-cover card-service hover-scaleX2\" style=\"margin-top:0;margin-bottom:0;padding-top:30px;padding-right:28px;padding-bottom:30px;padding-left:28px\"><span aria-hidden=\"true\" class=\"wp-block-cover__background has-background-dim-70 has-background-dim has-background-gradient\" style=\"background:linear-gradient(270deg,rgb(0,0,0) 0%,rgb(102,102,102) 100%)\"><\/span><img loading=\"lazy\" decoding=\"async\" width=\"2560\" height=\"1707\" src=\"https:\/\/ehebert.dectim.ca\/projectx\/tp2\/wp-content\/uploads\/2026\/04\/Nos-services-web.webp\" class=\"wp-block-cover__image-background wp-post-image\" alt=\"\" data-object-fit=\"cover\" srcset=\"https:\/\/ehebert.dectim.ca\/projectx\/tp2\/wp-content\/uploads\/2026\/04\/Nos-services-web.webp 2560w, https:\/\/ehebert.dectim.ca\/projectx\/tp2\/wp-content\/uploads\/2026\/04\/Nos-services-web-300x200.webp 300w, https:\/\/ehebert.dectim.ca\/projectx\/tp2\/wp-content\/uploads\/2026\/04\/Nos-services-web-1024x683.webp 1024w, https:\/\/ehebert.dectim.ca\/projectx\/tp2\/wp-content\/uploads\/2026\/04\/Nos-services-web-768x512.webp 768w, https:\/\/ehebert.dectim.ca\/projectx\/tp2\/wp-content\/uploads\/2026\/04\/Nos-services-web-1536x1024.webp 1536w, https:\/\/ehebert.dectim.ca\/projectx\/tp2\/wp-content\/uploads\/2026\/04\/Nos-services-web-2048x1366.webp 2048w, https:\/\/ehebert.dectim.ca\/projectx\/tp2\/wp-content\/uploads\/2026\/04\/Nos-services-web-500x333.webp 500w, https:\/\/ehebert.dectim.ca\/projectx\/tp2\/wp-content\/uploads\/2026\/04\/Nos-services-web-800x533.webp 800w, https:\/\/ehebert.dectim.ca\/projectx\/tp2\/wp-content\/uploads\/2026\/04\/Nos-services-web-1280x854.webp 1280w, https:\/\/ehebert.dectim.ca\/projectx\/tp2\/wp-content\/uploads\/2026\/04\/Nos-services-web-1920x1280.webp 1920w\" sizes=\"auto, (max-width: 2560px) 100vw, 2560px\" \/><div class=\"wp-block-cover__inner-container is-layout-constrained wp-container-core-cover-is-layout-c07d4870 wp-block-cover-is-layout-constrained\"><a class=\"service-link-cover wp-block-read-more\" href=\"https:\/\/ehebert.dectim.ca\/projectx\/tp2\/web-et-experience-numerique\/\" target=\"_self\"> En savoir plus<span class=\"screen-reader-text\">\u00a0: Web et Exp\u00e9rience num\u00e9rique<\/span><\/a>\n\n<h2 class=\"has-text-align-right has-link-color wp-elements-7f68a26e529b7cd4219e886c1b1eb9ff wp-block-post-title has-text-color has-ast-global-color-0-color\">Web et Exp\u00e9rience num\u00e9rique<\/h2>\n\n<div style=\"font-size:24px; padding-top:0;padding-bottom:0;padding-right:0;padding-left:40%;margin-top:0;margin-bottom:0;margin-left:0;margin-right:0;\" class=\"has-text-align-right has-link-color wp-elements-537455e8e66706e35afd9dc0f37fbaf8 wp-block-post-excerpt has-text-color has-ast-global-color-2-color\"><p class=\"wp-block-post-excerpt__excerpt\">Vos id\u00e9es deviennent des exp\u00e9riences num\u00e9riques fluides, rapides et centr\u00e9es sur vos utilisateurs.<\/p><p class=\"wp-block-post-excerpt__more-text\"><a class=\"wp-block-post-excerpt__more-link\" href=\"https:\/\/ehebert.dectim.ca\/projectx\/tp2\/web-et-experience-numerique\/\"> <\/a><\/p><\/div>\n\n\n<div class=\"wp-block-uagb-container card-arrow uagb-block-c03bcd12 default uagb-is-root-container\"><a class=\"wp-block-read-more\" href=\"https:\/\/ehebert.dectim.ca\/projectx\/tp2\/web-et-experience-numerique\/\" target=\"_self\"> En savoir plus<span class=\"screen-reader-text\">\u00a0: Web et Exp\u00e9rience num\u00e9rique<\/span><\/a>\n\n\n<p class=\"has-text-align-right has-ast-global-color-0-color has-text-color has-link-color wp-elements-cbbb26790bc766e245695e8f7aaca1bf\" style=\"margin-top:0;margin-right:0;margin-bottom:0;margin-left:0;font-size:18px\"> \u2192<\/p>\n<\/div>\n<\/div><\/div>\n<\/div>\n\n<\/li><li class=\"wp-block-post post-824 post type-post status-publish format-standard has-post-thumbnail hentry category-service\">\n\n<div class=\"wp-block-uagb-container uagb-block-01944af0 default uagb-is-root-container\">\n<div class=\"wp-block-cover card-service hover-scaleX2\" style=\"margin-top:0;margin-bottom:0;padding-top:30px;padding-right:28px;padding-bottom:30px;padding-left:28px\"><span aria-hidden=\"true\" class=\"wp-block-cover__background has-background-dim-70 has-background-dim has-background-gradient\" style=\"background:linear-gradient(270deg,rgb(0,0,0) 0%,rgb(102,102,102) 100%)\"><\/span><img loading=\"lazy\" decoding=\"async\" width=\"2560\" height=\"1707\" src=\"https:\/\/ehebert.dectim.ca\/projectx\/tp2\/wp-content\/uploads\/2026\/04\/Nos-services-3D.webp\" class=\"wp-block-cover__image-background wp-post-image\" alt=\"\" data-object-fit=\"cover\" srcset=\"https:\/\/ehebert.dectim.ca\/projectx\/tp2\/wp-content\/uploads\/2026\/04\/Nos-services-3D.webp 2560w, https:\/\/ehebert.dectim.ca\/projectx\/tp2\/wp-content\/uploads\/2026\/04\/Nos-services-3D-300x200.webp 300w, https:\/\/ehebert.dectim.ca\/projectx\/tp2\/wp-content\/uploads\/2026\/04\/Nos-services-3D-1024x683.webp 1024w, https:\/\/ehebert.dectim.ca\/projectx\/tp2\/wp-content\/uploads\/2026\/04\/Nos-services-3D-768x512.webp 768w, https:\/\/ehebert.dectim.ca\/projectx\/tp2\/wp-content\/uploads\/2026\/04\/Nos-services-3D-1536x1024.webp 1536w, https:\/\/ehebert.dectim.ca\/projectx\/tp2\/wp-content\/uploads\/2026\/04\/Nos-services-3D-2048x1366.webp 2048w, https:\/\/ehebert.dectim.ca\/projectx\/tp2\/wp-content\/uploads\/2026\/04\/Nos-services-3D-500x333.webp 500w, https:\/\/ehebert.dectim.ca\/projectx\/tp2\/wp-content\/uploads\/2026\/04\/Nos-services-3D-800x533.webp 800w, https:\/\/ehebert.dectim.ca\/projectx\/tp2\/wp-content\/uploads\/2026\/04\/Nos-services-3D-1280x854.webp 1280w, https:\/\/ehebert.dectim.ca\/projectx\/tp2\/wp-content\/uploads\/2026\/04\/Nos-services-3D-1920x1280.webp 1920w\" sizes=\"auto, (max-width: 2560px) 100vw, 2560px\" \/><div class=\"wp-block-cover__inner-container is-layout-constrained wp-container-core-cover-is-layout-c07d4870 wp-block-cover-is-layout-constrained\"><a class=\"service-link-cover wp-block-read-more\" href=\"https:\/\/ehebert.dectim.ca\/projectx\/tp2\/3d-et-motion\/\" target=\"_self\"> En savoir plus<span class=\"screen-reader-text\">\u00a0: 3D et Motion<\/span><\/a>\n\n<h2 class=\"has-text-align-right has-link-color wp-elements-7f68a26e529b7cd4219e886c1b1eb9ff wp-block-post-title has-text-color has-ast-global-color-0-color\">3D et Motion<\/h2>\n\n<div style=\"font-size:24px; padding-top:0;padding-bottom:0;padding-right:0;padding-left:40%;margin-top:0;margin-bottom:0;margin-left:0;margin-right:0;\" class=\"has-text-align-right has-link-color wp-elements-537455e8e66706e35afd9dc0f37fbaf8 wp-block-post-excerpt has-text-color has-ast-global-color-2-color\"><p class=\"wp-block-post-excerpt__excerpt\">Vos produits prennent vie gr\u00e2ce \u00e0 des rendus 3D r\u00e9alistes et des animations qui captivent.<\/p><p class=\"wp-block-post-excerpt__more-text\"><a class=\"wp-block-post-excerpt__more-link\" href=\"https:\/\/ehebert.dectim.ca\/projectx\/tp2\/3d-et-motion\/\"> <\/a><\/p><\/div>\n\n\n<div class=\"wp-block-uagb-container card-arrow uagb-block-c03bcd12 default uagb-is-root-container\"><a class=\"wp-block-read-more\" href=\"https:\/\/ehebert.dectim.ca\/projectx\/tp2\/3d-et-motion\/\" target=\"_self\"> En savoir plus<span class=\"screen-reader-text\">\u00a0: 3D et Motion<\/span><\/a>\n\n\n<p class=\"has-text-align-right has-ast-global-color-0-color has-text-color has-link-color wp-elements-cbbb26790bc766e245695e8f7aaca1bf\" style=\"margin-top:0;margin-right:0;margin-bottom:0;margin-left:0;font-size:18px\"> \u2192<\/p>\n<\/div>\n<\/div><\/div>\n<\/div>\n\n<\/li><\/ul>\n\n\n\n<\/div>\n<\/div><\/div>\n\n\n\n<div class=\"wp-block-uagb-container uagb-block-3ee2c205 alignfull uagb-is-root-container\"><div class=\"uagb-container-inner-blocks-wrap\">\n<h2 class=\"wp-block-heading has-text-align-center has-ast-global-color-0-color has-text-color has-link-color wp-elements-74dbb353d16e375f0805c138ff1ea341\" style=\"margin-top:0;margin-right:0;margin-bottom:0;margin-left:0;padding-top:0;padding-right:0;padding-bottom:0;padding-left:0\">La parole \u00e0 nos clients<\/h2>\n\n\n\n<div class=\"wp-block-uagb-testimonial uagb-slick-carousel uagb-tm__arrow-outside uagb-block-b261a689\"><div class=\"is-carousel uagb-tm__columns-1 uagb-tm__items\"><div class=\"uagb-testimonial__wrap  uagb-tm__imgicon-style-square uagb-tm__image-position-top uagb-tm__bg-type-none \"><div class=\"uagb-tm__content\"><div class=\"uagb-tm__overlay\"><\/div><div class=\"uagb-tm__image-content\"><div class=\"uagb-tm__image\"><img decoding=\"async\" class=\"uagb-tm-img-src\" src=\"https:\/\/ehebert.dectim.ca\/projectx\/tp2\/wp-content\/uploads\/2026\/04\/Verditech-2-300x150.png\" alt=\"\" width=\"200\" height=\"100\" loading=\"lazy\"\/><\/div><\/div><div class=\"uagb-tm__text-wrap\"><div class=\"uagb-tm__desc\"><strong>\u00ab Notre site est devenu plus rapide, plus simple et<\/strong><br><strong> nos clients trouvent tout du premier coup. \u00bb<\/strong><\/div><div class=\"uagb-tm__meta-inner\"><div class=\"uagb-testimonial-details\"><span class=\"uagb-tm__author-name\">\u2014 <em>Solutions VerdiTech, 2025\u00a0\u00a0\u00a0\u00a0\u00a0<\/em><\/span><span class=\"uagb-tm__company\">Company Name<\/span><\/div><\/div><\/div><\/div><\/div><div class=\"uagb-testimonial__wrap  uagb-tm__imgicon-style-square uagb-tm__image-position-top uagb-tm__bg-type-none \"><div class=\"uagb-tm__content\"><div class=\"uagb-tm__overlay\"><\/div><div class=\"uagb-tm__image-content\"><div class=\"uagb-tm__image\"><img decoding=\"async\" class=\"uagb-tm-img-src\" src=\"https:\/\/ehebert.dectim.ca\/projectx\/tp2\/wp-content\/uploads\/2026\/04\/Horizon-studio-300x150.png\" alt=\"\" width=\"200\" height=\"100\" loading=\"lazy\"\/><\/div><\/div><div class=\"uagb-tm__text-wrap\"><div class=\"uagb-tm__desc\"> <strong>\u00ab Projet\u202fX a compl\u00e8tement red\u00e9fini notre image.<\/strong><br><strong> On a enfin une identit\u00e9 claire et professionnelle. \u00bb<\/strong><\/div><div class=\"uagb-tm__meta-inner\"><div class=\"uagb-testimonial-details\"><span class=\"uagb-tm__author-name\"><em>\u00a0\u00a0\u00a0\u00a0\u2014 <em>Atelier Nord Cr\u00e9atif, 2024\u00a0<\/em>\u00a0<\/em><\/span><span class=\"uagb-tm__company\"><\/span><\/div><\/div><\/div><\/div><\/div><div class=\"uagb-testimonial__wrap  uagb-tm__imgicon-style-square uagb-tm__image-position-top uagb-tm__bg-type-none \"><div class=\"uagb-tm__content\"><div class=\"uagb-tm__overlay\"><\/div><div class=\"uagb-tm__image-content\"><div class=\"uagb-tm__image\"><img decoding=\"async\" class=\"uagb-tm-img-src\" src=\"https:\/\/ehebert.dectim.ca\/projectx\/tp2\/wp-content\/uploads\/2026\/04\/Nord-creatif-300x150.png\" alt=\"\" width=\"200\" height=\"100\" loading=\"lazy\"\/><\/div><\/div><div class=\"uagb-tm__text-wrap\"><div class=\"uagb-tm__desc\"><strong>\u00ab Les rendus 3D ont donn\u00e9 un impact \u00e9norme \u00e0 notre pr\u00e9sentation. <\/strong><br><strong>On a impressionn\u00e9 d\u00e8s la premi\u00e8re rencontre. \u00bb<\/strong><\/div><div class=\"uagb-tm__meta-inner\"><div class=\"uagb-testimonial-details\"><span class=\"uagb-tm__author-name\">\u2014 <em>Studio Horizon M\u00e9dia, 2024\u00a0\u00a0\u00a0\u00a0\u00a0\u00a0\u00a0\u00a0<\/em> <\/span><span class=\"uagb-tm__company\"><\/span><\/div><\/div><\/div><\/div><\/div><\/div><\/div>\n<\/div><\/div>\n\n\n","protected":false},"excerpt":{"rendered":"<p>Propulsez votre pr\u00e9sence en ligne gr\u00e2ce \u00e0 notre savoir-faire technique et cr\u00e9atif. La parole \u00e0 nos clients ProjetX en quelques [&hellip;]<\/p>\n","protected":false},"author":2,"featured_media":0,"parent":0,"menu_order":0,"comment_status":"closed","ping_status":"closed","template":"","meta":{"_acf_changed":false,"_uag_custom_page_level_css":"","site-sidebar-layout":"default","site-content-layout":"","ast-site-content-layout":"default","site-content-style":"default","site-sidebar-style":"default","ast-global-header-display":"","ast-banner-title-visibility":"","ast-main-header-display":"","ast-hfb-above-header-display":"","ast-hfb-below-header-display":"","ast-hfb-mobile-header-display":"","site-post-title":"disabled","ast-breadcrumbs-content":"","ast-featured-img":"","footer-sml-layout":"","ast-disable-related-posts":"","theme-transparent-header-meta":"","adv-header-id-meta":"","stick-header-meta":"","header-above-stick-meta":"","header-main-stick-meta":"","header-below-stick-meta":"","astra-migrate-meta-layouts":"default","ast-page-background-enabled":"default","ast-page-background-meta":{"desktop":{"background-color":"var(--ast-global-color-5)","background-image":"","background-repeat":"repeat","background-position":"center center","background-size":"auto","background-attachment":"scroll","background-type":"","background-media":"","overlay-type":"","overlay-color":"","overlay-opacity":"","overlay-gradient":""},"tablet":{"background-color":"","background-image":"","background-repeat":"repeat","background-position":"center center","background-size":"auto","background-attachment":"scroll","background-type":"","background-media":"","overlay-type":"","overlay-color":"","overlay-opacity":"","overlay-gradient":""},"mobile":{"background-color":"","background-image":"","background-repeat":"repeat","background-position":"center center","background-size":"auto","background-attachment":"scroll","background-type":"","background-media":"","overlay-type":"","overlay-color":"","overlay-opacity":"","overlay-gradient":""}},"ast-content-background-meta":{"desktop":{"background-color":"var(--ast-global-color-4)","background-image":"","background-repeat":"repeat","background-position":"center center","background-size":"auto","background-attachment":"scroll","background-type":"","background-media":"","overlay-type":"","overlay-color":"","overlay-opacity":"","overlay-gradient":""},"tablet":{"background-color":"var(--ast-global-color-4)","background-image":"","background-repeat":"repeat","background-position":"center center","background-size":"auto","background-attachment":"scroll","background-type":"","background-media":"","overlay-type":"","overlay-color":"","overlay-opacity":"","overlay-gradient":""},"mobile":{"background-color":"var(--ast-global-color-4)","background-image":"","background-repeat":"repeat","background-position":"center center","background-size":"auto","background-attachment":"scroll","background-type":"","background-media":"","overlay-type":"","overlay-color":"","overlay-opacity":"","overlay-gradient":""}},"footnotes":""},"class_list":["post-61","page","type-page","status-publish","hentry"],"acf":[],"uagb_featured_image_src":{"full":false,"thumbnail":false,"medium":false,"medium_large":false,"large":false,"1536x1536":false,"2048x2048":false,"awb_sm":false,"awb_md":false,"awb_lg":false,"awb_xl":false},"uagb_author_info":{"display_name":"Nathan Fortier","author_link":"https:\/\/ehebert.dectim.ca\/projectx\/tp2\/author\/2356701\/"},"uagb_comment_info":0,"uagb_excerpt":"Propulsez votre pr\u00e9sence en ligne gr\u00e2ce \u00e0 notre savoir-faire technique et cr\u00e9atif. La parole \u00e0 nos clients ProjetX en quelques [&hellip;]","_links":{"self":[{"href":"https:\/\/ehebert.dectim.ca\/projectx\/tp2\/wp-json\/wp\/v2\/pages\/61","targetHints":{"allow":["GET"]}}],"collection":[{"href":"https:\/\/ehebert.dectim.ca\/projectx\/tp2\/wp-json\/wp\/v2\/pages"}],"about":[{"href":"https:\/\/ehebert.dectim.ca\/projectx\/tp2\/wp-json\/wp\/v2\/types\/page"}],"author":[{"embeddable":true,"href":"https:\/\/ehebert.dectim.ca\/projectx\/tp2\/wp-json\/wp\/v2\/users\/2"}],"replies":[{"embeddable":true,"href":"https:\/\/ehebert.dectim.ca\/projectx\/tp2\/wp-json\/wp\/v2\/comments?post=61"}],"version-history":[{"count":250,"href":"https:\/\/ehebert.dectim.ca\/projectx\/tp2\/wp-json\/wp\/v2\/pages\/61\/revisions"}],"predecessor-version":[{"id":5810,"href":"https:\/\/ehebert.dectim.ca\/projectx\/tp2\/wp-json\/wp\/v2\/pages\/61\/revisions\/5810"}],"wp:attachment":[{"href":"https:\/\/ehebert.dectim.ca\/projectx\/tp2\/wp-json\/wp\/v2\/media?parent=61"}],"curies":[{"name":"wp","href":"https:\/\/api.w.org\/{rel}","templated":true}]}}