{"id":37,"date":"2026-02-09T16:00:27","date_gmt":"2026-02-09T21:00:27","guid":{"rendered":"https:\/\/ehebert.dectim.ca\/projectx\/tp2\/?page_id=37"},"modified":"2026-05-12T11:13:46","modified_gmt":"2026-05-12T15:13:46","slug":"accueil","status":"publish","type":"page","link":"https:\/\/ehebert.dectim.ca\/projectx\/tp2\/","title":{"rendered":"Accueil"},"content":{"rendered":"\n<div class=\"wp-block-nk-awb nk-awb nk-awb-fullheight nk-awb-content-valign-center alignfull\" style=\"min-height:75vh\"><div class=\"nk-awb-wrap\" data-awb-type=\"yt_vm_video\" data-awb-video=\"https:\/\/youtu.be\/nPb3MH6WESw?si=Mfpz37lSSxhF2Rn6\" data-awb-video-always-play=\"true\" data-awb-video-mobile=\"true\"><div class=\"nk-awb-inner\" style=\"opacity: 0.5;\"><\/div><\/div><div class=\"nk-awb-wrap-content is-layout-constrained wp-block-nk-awb-is-layout-constrained\">\n<div data-aos= \"fade\" data-aos-duration=\"400\" data-aos-delay=\"0\" data-aos-easing=\"ease\" data-aos-once=\"true\" class=\"wp-block-uagb-container uagb-block-aacf9d43 alignfull uagb-is-root-container\"><div class=\"uagb-container-inner-blocks-wrap\">\n<h1 class=\"wp-block-heading has-text-align-center\" style=\"margin-top:0;margin-right:0;margin-bottom:0;margin-left:0;padding-top:0;padding-right:0;padding-bottom:0;padding-left:0\"><strong>Votre visibilit\u00e9, enfin accessible<\/strong><\/h1>\n<\/div><\/div>\n<\/div><\/div>\n\n\n\n<div class=\"wp-block-uagb-container uagb-block-c8b4882d alignfull uagb-is-root-container\"><div class=\"uagb-container-inner-blocks-wrap\">\n<div data-aos= \"slide-right\" data-aos-duration=\"400\" data-aos-delay=\"0\" data-aos-easing=\"ease\" data-aos-once=\"true\" class=\"wp-block-uagb-container uagb-layout-grid uagb-block-d0234f1f alignfull uagb-is-root-container\"><div class=\"uagb-container-inner-blocks-wrap\">\n<div id=\"arrow\" class=\"wp-block-uagb-container hover-arrow uagb-block-63ad541f\">\n<h2 class=\"wp-block-heading alignfull has-text-align-left has-ast-global-color-0-color has-text-color has-link-color wp-elements-8050890d404e46d11f7fa22638fb0388\" style=\"margin-top:0;margin-right:0;margin-bottom:0;margin-left:0;padding-top:0;padding-right:0;padding-bottom:0;padding-left:0\"><a href=\"https:\/\/ehebert.dectim.ca\/projectx\/tp2\/a-propos\/\" data-type=\"page\" data-id=\"39\">D\u00e9buter l\u2019exploration<\/a><\/h2>\n\n\n\n<div class=\"wp-block-uagb-image uagb-block-9b17a5c4 wp-block-uagb-image--layout-default wp-block-uagb-image--effect-static wp-block-uagb-image--align-none\"><figure class=\"wp-block-uagb-image__figure\"><img decoding=\"async\" srcset=\"https:\/\/ehebert.dectim.ca\/projectx\/tp2\/wp-content\/uploads\/2026\/02\/Fleche.svg ,https:\/\/ehebert.dectim.ca\/projectx\/tp2\/wp-content\/uploads\/2026\/02\/Fleche.svg 780w, https:\/\/ehebert.dectim.ca\/projectx\/tp2\/wp-content\/uploads\/2026\/02\/Fleche.svg 360w\" sizes=\"auto, (max-width: 480px) 150px\" src=\"https:\/\/ehebert.dectim.ca\/projectx\/tp2\/wp-content\/uploads\/2026\/02\/Fleche.svg\" alt=\"\" class=\"uag-image-265\" width=\"40\" height=\"45\" title=\"Fleche\" loading=\"lazy\" role=\"img\"\/><\/figure><\/div>\n<\/div>\n<\/div><\/div>\n<\/div><\/div>\n\n\n\n<div class=\"wp-block-uagb-container uagb-block-c279bead alignfull uagb-is-root-container\"><div class=\"uagb-container-inner-blocks-wrap\">\n<div class=\"wp-block-uagb-advanced-heading uagb-block-5bec7596\"><h2 class=\"uagb-heading-text\">Pour concevoir, d\u00e9velopper et animer votre image<\/h2><\/div>\n<\/div><\/div>\n\n\n<div class=\"services-wrapper\">\n\n\n<div \n    data-aos=\"zoom-out\"\n    data-aos-duration=\"400\"\n    data-aos-delay=\"0\"\n    data-aos-easing=\"ease\"\n    data-aos-once=\"true\"\n    class=\"wp-block-uagb-container hover-bg uagb-layout-flex alignfull uagb-is-root-container\"\n    style=\"background-image:url('https:\/\/ehebert.dectim.ca\/projectx\/tp2\/wp-content\/uploads\/2026\/05\/Service-3d.webp'); background-size:cover; background-position:center;\"\n>\n\n    <div class=\"uagb-container-inner-blocks-wrap\">\n\n        <h2 class=\"wp-block-heading has-text-align-left has-ast-global-color-2-color has-text-color has-link-color\"\n            style=\"margin-top:0;margin-bottom:0;padding-top:0;padding-right:0px;padding-bottom:0;padding-left:0px\">\n            3D et Motion        <\/h2>\n\n    <\/div>\n\n    <a class=\"spectra-container-link-overlay\"\n       rel=\"noopener\"\n       target=\"_blank\"\n       href=\"https:\/\/ehebert.dectim.ca\/projectx\/tp2\/3d-et-motion\/\">\n    <\/a>\n\n<\/div>\n\n\n<div \n    data-aos=\"zoom-out\"\n    data-aos-duration=\"400\"\n    data-aos-delay=\"0\"\n    data-aos-easing=\"ease\"\n    data-aos-once=\"true\"\n    class=\"wp-block-uagb-container hover-bg uagb-layout-flex alignfull uagb-is-root-container\"\n    style=\"background-image:url('https:\/\/ehebert.dectim.ca\/projectx\/tp2\/wp-content\/uploads\/2026\/05\/Service-Web.webp'); background-size:cover; background-position:center;\"\n>\n\n    <div class=\"uagb-container-inner-blocks-wrap\">\n\n        <h2 class=\"wp-block-heading has-text-align-left has-ast-global-color-2-color has-text-color has-link-color\"\n            style=\"margin-top:0;margin-bottom:0;padding-top:0;padding-right:0px;padding-bottom:0;padding-left:0px\">\n            Web et Exp\u00e9rience num\u00e9rique        <\/h2>\n\n    <\/div>\n\n    <a class=\"spectra-container-link-overlay\"\n       rel=\"noopener\"\n       target=\"_blank\"\n       href=\"https:\/\/ehebert.dectim.ca\/projectx\/tp2\/web-et-experience-numerique\/\">\n    <\/a>\n\n<\/div>\n\n\n<div \n    data-aos=\"zoom-out\"\n    data-aos-duration=\"400\"\n    data-aos-delay=\"0\"\n    data-aos-easing=\"ease\"\n    data-aos-once=\"true\"\n    class=\"wp-block-uagb-container hover-bg uagb-layout-flex alignfull uagb-is-root-container\"\n    style=\"background-image:url('https:\/\/ehebert.dectim.ca\/projectx\/tp2\/wp-content\/uploads\/2026\/05\/Sevice-Graphisme.webp'); background-size:cover; background-position:center;\"\n>\n\n    <div class=\"uagb-container-inner-blocks-wrap\">\n\n        <h2 class=\"wp-block-heading has-text-align-left has-ast-global-color-2-color has-text-color has-link-color\"\n            style=\"margin-top:0;margin-bottom:0;padding-top:0;padding-right:0px;padding-bottom:0;padding-left:0px\">\n            Design et Identit\u00e9 visuelle        <\/h2>\n\n    <\/div>\n\n    <a class=\"spectra-container-link-overlay\"\n       rel=\"noopener\"\n       target=\"_blank\"\n       href=\"https:\/\/ehebert.dectim.ca\/projectx\/tp2\/design-et-identite-visuelle\/\">\n    <\/a>\n\n<\/div>\n\n\n<\/div>\n\n\n\n\n\n\n","protected":false},"excerpt":{"rendered":"<p>D\u00e9buter l\u2019exploration Pour concevoir, d\u00e9velopper et animer votre image 3D et Motion Web et Exp\u00e9rience num\u00e9rique Design et Identit\u00e9 visuelle<\/p>\n","protected":false},"author":2,"featured_media":0,"parent":0,"menu_order":0,"comment_status":"closed","ping_status":"closed","template":"","meta":{"_acf_changed":false,"_uag_custom_page_level_css":"","site-sidebar-layout":"default","site-content-layout":"","ast-site-content-layout":"default","site-content-style":"default","site-sidebar-style":"default","ast-global-header-display":"","ast-banner-title-visibility":"","ast-main-header-display":"","ast-hfb-above-header-display":"","ast-hfb-below-header-display":"","ast-hfb-mobile-header-display":"","site-post-title":"disabled","ast-breadcrumbs-content":"","ast-featured-img":"","footer-sml-layout":"","ast-disable-related-posts":"","theme-transparent-header-meta":"","adv-header-id-meta":"","stick-header-meta":"","header-above-stick-meta":"","header-main-stick-meta":"","header-below-stick-meta":"","astra-migrate-meta-layouts":"default","ast-page-background-enabled":"default","ast-page-background-meta":{"desktop":{"background-color":"var(--ast-global-color-5)","background-image":"","background-repeat":"repeat","background-position":"center center","background-size":"auto","background-attachment":"scroll","background-type":"","background-media":"","overlay-type":"","overlay-color":"","overlay-opacity":"","overlay-gradient":""},"tablet":{"background-color":"","background-image":"","background-repeat":"repeat","background-position":"center center","background-size":"auto","background-attachment":"scroll","background-type":"","background-media":"","overlay-type":"","overlay-color":"","overlay-opacity":"","overlay-gradient":""},"mobile":{"background-color":"","background-image":"","background-repeat":"repeat","background-position":"center center","background-size":"auto","background-attachment":"scroll","background-type":"","background-media":"","overlay-type":"","overlay-color":"","overlay-opacity":"","overlay-gradient":""}},"ast-content-background-meta":{"desktop":{"background-color":"var(--ast-global-color-4)","background-image":"","background-repeat":"repeat","background-position":"center center","background-size":"auto","background-attachment":"scroll","background-type":"","background-media":"","overlay-type":"","overlay-color":"","overlay-opacity":"","overlay-gradient":""},"tablet":{"background-color":"var(--ast-global-color-4)","background-image":"","background-repeat":"repeat","background-position":"center center","background-size":"auto","background-attachment":"scroll","background-type":"","background-media":"","overlay-type":"","overlay-color":"","overlay-opacity":"","overlay-gradient":""},"mobile":{"background-color":"var(--ast-global-color-4)","background-image":"","background-repeat":"repeat","background-position":"center center","background-size":"auto","background-attachment":"scroll","background-type":"","background-media":"","overlay-type":"","overlay-color":"","overlay-opacity":"","overlay-gradient":""}},"footnotes":""},"class_list":["post-37","page","type-page","status-publish","hentry"],"acf":[],"uagb_featured_image_src":{"full":false,"thumbnail":false,"medium":false,"medium_large":false,"large":false,"1536x1536":false,"2048x2048":false,"awb_sm":false,"awb_md":false,"awb_lg":false,"awb_xl":false},"uagb_author_info":{"display_name":"Nathan Fortier","author_link":"https:\/\/ehebert.dectim.ca\/projectx\/tp2\/author\/2356701\/"},"uagb_comment_info":0,"uagb_excerpt":"D\u00e9buter l\u2019exploration Pour concevoir, d\u00e9velopper et animer votre image 3D et Motion Web et Exp\u00e9rience num\u00e9rique Design et Identit\u00e9 visuelle","_links":{"self":[{"href":"https:\/\/ehebert.dectim.ca\/projectx\/tp2\/wp-json\/wp\/v2\/pages\/37","targetHints":{"allow":["GET"]}}],"collection":[{"href":"https:\/\/ehebert.dectim.ca\/projectx\/tp2\/wp-json\/wp\/v2\/pages"}],"about":[{"href":"https:\/\/ehebert.dectim.ca\/projectx\/tp2\/wp-json\/wp\/v2\/types\/page"}],"author":[{"embeddable":true,"href":"https:\/\/ehebert.dectim.ca\/projectx\/tp2\/wp-json\/wp\/v2\/users\/2"}],"replies":[{"embeddable":true,"href":"https:\/\/ehebert.dectim.ca\/projectx\/tp2\/wp-json\/wp\/v2\/comments?post=37"}],"version-history":[{"count":247,"href":"https:\/\/ehebert.dectim.ca\/projectx\/tp2\/wp-json\/wp\/v2\/pages\/37\/revisions"}],"predecessor-version":[{"id":5934,"href":"https:\/\/ehebert.dectim.ca\/projectx\/tp2\/wp-json\/wp\/v2\/pages\/37\/revisions\/5934"}],"wp:attachment":[{"href":"https:\/\/ehebert.dectim.ca\/projectx\/tp2\/wp-json\/wp\/v2\/media?parent=37"}],"curies":[{"name":"wp","href":"https:\/\/api.w.org\/{rel}","templated":true}]}}