{"id":229,"date":"2026-02-21T20:34:54","date_gmt":"2026-02-22T01:34:54","guid":{"rendered":"https:\/\/ehebert.dectim.ca\/projectx\/tp2\/?page_id=229"},"modified":"2026-05-11T20:12:14","modified_gmt":"2026-05-12T00:12:14","slug":"nos-projets","status":"publish","type":"page","link":"https:\/\/ehebert.dectim.ca\/projectx\/tp2\/nos-projets\/","title":{"rendered":"Nos projets"},"content":{"rendered":"\n<div class=\"wp-block-cover alignfull has-custom-content-position is-position-bottom-center hero-gradient\" style=\"margin-top:0;margin-bottom:0;padding-top:0px;padding-right:0;padding-bottom:60px;padding-left:0;min-height:70vh;aspect-ratio:unset;\"><img loading=\"lazy\" decoding=\"async\" width=\"2560\" height=\"1440\" class=\"wp-block-cover__image-background wp-image-3720 size-full\" alt=\"\" src=\"https:\/\/ehebert.dectim.ca\/projectx\/tp2\/wp-content\/uploads\/2026\/04\/Nos-projets-hero.webp\" data-object-fit=\"cover\" srcset=\"https:\/\/ehebert.dectim.ca\/projectx\/tp2\/wp-content\/uploads\/2026\/04\/Nos-projets-hero.webp 2560w, https:\/\/ehebert.dectim.ca\/projectx\/tp2\/wp-content\/uploads\/2026\/04\/Nos-projets-hero-300x169.webp 300w, https:\/\/ehebert.dectim.ca\/projectx\/tp2\/wp-content\/uploads\/2026\/04\/Nos-projets-hero-1024x576.webp 1024w, https:\/\/ehebert.dectim.ca\/projectx\/tp2\/wp-content\/uploads\/2026\/04\/Nos-projets-hero-768x432.webp 768w, https:\/\/ehebert.dectim.ca\/projectx\/tp2\/wp-content\/uploads\/2026\/04\/Nos-projets-hero-1536x864.webp 1536w, https:\/\/ehebert.dectim.ca\/projectx\/tp2\/wp-content\/uploads\/2026\/04\/Nos-projets-hero-2048x1152.webp 2048w, https:\/\/ehebert.dectim.ca\/projectx\/tp2\/wp-content\/uploads\/2026\/04\/Nos-projets-hero-500x281.webp 500w, https:\/\/ehebert.dectim.ca\/projectx\/tp2\/wp-content\/uploads\/2026\/04\/Nos-projets-hero-800x450.webp 800w, https:\/\/ehebert.dectim.ca\/projectx\/tp2\/wp-content\/uploads\/2026\/04\/Nos-projets-hero-1280x720.webp 1280w, https:\/\/ehebert.dectim.ca\/projectx\/tp2\/wp-content\/uploads\/2026\/04\/Nos-projets-hero-1920x1080.webp 1920w\" sizes=\"auto, (max-width: 2560px) 100vw, 2560px\" \/><span aria-hidden=\"true\" class=\"wp-block-cover__background has-background-dim-100 has-background-dim wp-block-cover__gradient-background has-background-gradient\" style=\"background:linear-gradient(0deg,rgb(11,12,16) 0%,rgba(255,255,255,0) 0%)\"><\/span><div class=\"wp-block-cover__inner-container is-layout-constrained wp-container-core-cover-is-layout-ed3ad471 wp-block-cover-is-layout-constrained\">\n<div class=\"wp-block-uagb-container uagb-block-48113c8c alignfull uagb-is-root-container\"><div class=\"uagb-container-inner-blocks-wrap\">\n<div data-aos= \"fade\" data-aos-duration=\"400\" data-aos-delay=\"0\" data-aos-easing=\"ease\" data-aos-once=\"true\" class=\"wp-block-uagb-container uagb-block-fd2eae12\">\n<h1 class=\"wp-block-heading has-text-align-center has-ast-global-color-2-color has-text-color has-link-color wp-elements-16e2df9b5188740247e789dece6fd0ef\" style=\"margin-top:0;margin-right:0;margin-bottom:0;margin-left:0;padding-top:0;padding-right:0;padding-bottom:0;padding-left:0\">Des d\u00e9fis relev\u00e9s<br>Des clients satisfaits<\/h1>\n<\/div>\n<\/div><\/div>\n<\/div><\/div>\n\n\n\n<div class=\"wp-block-uagb-container uagb-block-22854ffe alignfull uagb-is-root-container\"><div class=\"uagb-container-inner-blocks-wrap\"><h2 style=\"padding-right:0;padding-left:0;padding-top:0;padding-bottom:0;margin-top:0;margin-bottom:0;margin-left:0;margin-right:0;\" class=\"has-text-align-center has-link-color wp-elements-56dc900b5c339bf29ba99e940dafca57 wp-block-post-title has-text-color has-ast-global-color-0-color\">Nos projets<\/h2>\n\n\n<h3 class=\"wp-block-heading has-text-align-center has-link-color wp-elements-fef7bb6ad20add928cf5e137d06e5409\" style=\"margin-top:0;margin-right:0;margin-bottom:0;margin-left:0;padding-top:0;padding-right:150px;padding-bottom:0;padding-left:150px\">Une vitrine de nos r\u00e9centes cr\u00e9ations alliant innovation technique et vision cr\u00e9ative.<\/h3>\n<\/div><\/div>\n\n\n\n<div data-aos= \"fade-up\" data-aos-duration=\"400\" data-aos-delay=\"0\" data-aos-easing=\"ease\" data-aos-once=\"true\" class=\"wp-block-uagb-container uagb-block-7c21a429 default uagb-is-root-container\">\n\t\t\t<div class=\"wp-block-uagb-post-grid uagb-post-grid projet-grid uagb-post__image-position-top uagb-post__image-enabled uagb-block-aff958e2     uagb-post__items uagb-post__columns-2 is-grid uagb-post__columns-tablet-2 uagb-post__columns-mobile-1 uagb-post__equal-height\" data-total=\"1\" style=\"\">\n\n\t\t\t\t\t\t\t\t\t\t\t\t<article class=\"uagb-post__inner-wrap\">\t\t\t\t\t\t\t\t<div class='uagb-post__image'>\n\t\t\t\t\t\t\t\t\t<a href=\"https:\/\/ehebert.dectim.ca\/projectx\/tp2\/projet-1\/\" target=\"_self\" rel=\"bookmark noopener noreferrer\" class='uagb-image-ratio-2-3'><img loading=\"lazy\" decoding=\"async\" width=\"1024\" height=\"418\" src=\"https:\/\/ehebert.dectim.ca\/projectx\/tp2\/wp-content\/uploads\/2026\/02\/projet1-hero-1-1024x418.webp\" class=\"attachment-large size-large\" alt=\"\" srcset=\"https:\/\/ehebert.dectim.ca\/projectx\/tp2\/wp-content\/uploads\/2026\/02\/projet1-hero-1-1024x418.webp 1024w, https:\/\/ehebert.dectim.ca\/projectx\/tp2\/wp-content\/uploads\/2026\/02\/projet1-hero-1-300x123.webp 300w, https:\/\/ehebert.dectim.ca\/projectx\/tp2\/wp-content\/uploads\/2026\/02\/projet1-hero-1-768x314.webp 768w, https:\/\/ehebert.dectim.ca\/projectx\/tp2\/wp-content\/uploads\/2026\/02\/projet1-hero-1-1536x628.webp 1536w, https:\/\/ehebert.dectim.ca\/projectx\/tp2\/wp-content\/uploads\/2026\/02\/projet1-hero-1-2048x837.webp 2048w, https:\/\/ehebert.dectim.ca\/projectx\/tp2\/wp-content\/uploads\/2026\/02\/projet1-hero-1-500x204.webp 500w, https:\/\/ehebert.dectim.ca\/projectx\/tp2\/wp-content\/uploads\/2026\/02\/projet1-hero-1-800x327.webp 800w, https:\/\/ehebert.dectim.ca\/projectx\/tp2\/wp-content\/uploads\/2026\/02\/projet1-hero-1-1280x523.webp 1280w, https:\/\/ehebert.dectim.ca\/projectx\/tp2\/wp-content\/uploads\/2026\/02\/projet1-hero-1-1920x785.webp 1920w\" sizes=\"auto, (max-width: 1024px) 100vw, 1024px\" \/>\t\t\t\t\t<\/a>\n\t\t\t\t\t\t\t<\/div>\n\t\t\t\t\t\t<h2 class=\"uagb-post__title uagb-post__text\">\n\t\t\t\t<a href=\"https:\/\/ehebert.dectim.ca\/projectx\/tp2\/projet-1\/\" target=\"_self\" rel=\"bookmark noopener noreferrer\">Animation NASCAR<\/a>\n\t\t\t<\/h2>\n\t\t\t\t\t\t<div class='uagb-post__text uagb-post-grid-byline'>\n\t\t\t\t\t\t\t\t<span class=\"uagb-post__author\">\n\t\t\t\t\t\t\t\t\t<a href=\"https:\/\/ehebert.dectim.ca\/projectx\/tp2\/author\/yoan\/\" title=\"Articles par Yoan Robitaille\" rel=\"author\">Yoan Robitaille<\/a>\t\t\t\t<\/span>\n\t\t\t\t\t\t<\/div>\n\t\t\t\t\t\t<div class=\"uagb-post__text uagb-post__cta wp-block-button\">\n\t\t\t\t<a class=\"wp-block-button__link uagb-text-link\" style=\"\" href=\"https:\/\/ehebert.dectim.ca\/projectx\/tp2\/projet-1\/\" target=\"_self\" rel=\"bookmark noopener noreferrer\"> En savoir plus<\/a>\n\t\t\t<\/div>\n\t\t\t\t\t\t<div class=\"uagb-post__text uagb-post__cta wp-block-button\">\n\t\t\t\t<a class=\"wp-block-button__link uagb-text-link\" style=\"\" href=\"https:\/\/ehebert.dectim.ca\/projectx\/tp2\/projet-1\/\" target=\"_self\" rel=\"bookmark noopener noreferrer\"> En savoir plus<\/a>\n\t\t\t<\/div>\n\t\t\t\n\t\t\t\t\t\t\t\t\t<\/article>\n\t\t\t\t\t\t\t\t\t\t\t\t\t\t\t\t<article class=\"uagb-post__inner-wrap\">\t\t\t\t\t\t\t\t<div class='uagb-post__image'>\n\t\t\t\t\t\t\t\t\t<a href=\"https:\/\/ehebert.dectim.ca\/projectx\/tp2\/projet-2\/\" target=\"_self\" rel=\"bookmark noopener noreferrer\" class='uagb-image-ratio-2-3'><img loading=\"lazy\" decoding=\"async\" width=\"1024\" height=\"576\" src=\"https:\/\/ehebert.dectim.ca\/projectx\/tp2\/wp-content\/uploads\/2026\/02\/projet2-hero-1024x576.webp\" class=\"attachment-large size-large\" alt=\"\" srcset=\"https:\/\/ehebert.dectim.ca\/projectx\/tp2\/wp-content\/uploads\/2026\/02\/projet2-hero-1024x576.webp 1024w, https:\/\/ehebert.dectim.ca\/projectx\/tp2\/wp-content\/uploads\/2026\/02\/projet2-hero-300x169.webp 300w, https:\/\/ehebert.dectim.ca\/projectx\/tp2\/wp-content\/uploads\/2026\/02\/projet2-hero-768x432.webp 768w, https:\/\/ehebert.dectim.ca\/projectx\/tp2\/wp-content\/uploads\/2026\/02\/projet2-hero-1536x864.webp 1536w, https:\/\/ehebert.dectim.ca\/projectx\/tp2\/wp-content\/uploads\/2026\/02\/projet2-hero-500x281.webp 500w, https:\/\/ehebert.dectim.ca\/projectx\/tp2\/wp-content\/uploads\/2026\/02\/projet2-hero-800x450.webp 800w, https:\/\/ehebert.dectim.ca\/projectx\/tp2\/wp-content\/uploads\/2026\/02\/projet2-hero-1280x720.webp 1280w, https:\/\/ehebert.dectim.ca\/projectx\/tp2\/wp-content\/uploads\/2026\/02\/projet2-hero.webp 1920w\" sizes=\"auto, (max-width: 1024px) 100vw, 1024px\" \/>\t\t\t\t\t<\/a>\n\t\t\t\t\t\t\t<\/div>\n\t\t\t\t\t\t<h2 class=\"uagb-post__title uagb-post__text\">\n\t\t\t\t<a href=\"https:\/\/ehebert.dectim.ca\/projectx\/tp2\/projet-2\/\" target=\"_self\" rel=\"bookmark noopener noreferrer\">House Breach<\/a>\n\t\t\t<\/h2>\n\t\t\t\t\t\t<div class='uagb-post__text uagb-post-grid-byline'>\n\t\t\t\t\t\t\t\t<span class=\"uagb-post__author\">\n\t\t\t\t\t\t\t\t\t<a href=\"https:\/\/ehebert.dectim.ca\/projectx\/tp2\/author\/emile\/\" title=\"Articles par \u00c9mile H\u00e9bert\" rel=\"author\">\u00c9mile H\u00e9bert<\/a>\t\t\t\t<\/span>\n\t\t\t\t\t\t<\/div>\n\t\t\t\t\t\t<div class=\"uagb-post__text uagb-post__cta wp-block-button\">\n\t\t\t\t<a class=\"wp-block-button__link uagb-text-link\" style=\"\" href=\"https:\/\/ehebert.dectim.ca\/projectx\/tp2\/projet-2\/\" target=\"_self\" rel=\"bookmark noopener noreferrer\"> En savoir plus<\/a>\n\t\t\t<\/div>\n\t\t\t\t\t\t<div class=\"uagb-post__text uagb-post__cta wp-block-button\">\n\t\t\t\t<a class=\"wp-block-button__link uagb-text-link\" style=\"\" href=\"https:\/\/ehebert.dectim.ca\/projectx\/tp2\/projet-2\/\" target=\"_self\" rel=\"bookmark noopener noreferrer\"> En savoir plus<\/a>\n\t\t\t<\/div>\n\t\t\t\n\t\t\t\t\t\t\t\t\t<\/article>\n\t\t\t\t\t\t\t\t\t\t\t\t\t\t\t\t<article class=\"uagb-post__inner-wrap\">\t\t\t\t\t\t\t\t<div class='uagb-post__image'>\n\t\t\t\t\t\t\t\t\t<a href=\"https:\/\/ehebert.dectim.ca\/projectx\/tp2\/projet-3\/\" target=\"_self\" rel=\"bookmark noopener noreferrer\" class='uagb-image-ratio-2-3'><img loading=\"lazy\" decoding=\"async\" width=\"1024\" height=\"448\" src=\"https:\/\/ehebert.dectim.ca\/projectx\/tp2\/wp-content\/uploads\/2026\/02\/projet3-hero-1024x448.webp\" class=\"attachment-large size-large\" alt=\"\" srcset=\"https:\/\/ehebert.dectim.ca\/projectx\/tp2\/wp-content\/uploads\/2026\/02\/projet3-hero-1024x448.webp 1024w, https:\/\/ehebert.dectim.ca\/projectx\/tp2\/wp-content\/uploads\/2026\/02\/projet3-hero-300x131.webp 300w, https:\/\/ehebert.dectim.ca\/projectx\/tp2\/wp-content\/uploads\/2026\/02\/projet3-hero-768x336.webp 768w, https:\/\/ehebert.dectim.ca\/projectx\/tp2\/wp-content\/uploads\/2026\/02\/projet3-hero-1536x672.webp 1536w, https:\/\/ehebert.dectim.ca\/projectx\/tp2\/wp-content\/uploads\/2026\/02\/projet3-hero-2048x896.webp 2048w, https:\/\/ehebert.dectim.ca\/projectx\/tp2\/wp-content\/uploads\/2026\/02\/projet3-hero-500x219.webp 500w, https:\/\/ehebert.dectim.ca\/projectx\/tp2\/wp-content\/uploads\/2026\/02\/projet3-hero-800x350.webp 800w, https:\/\/ehebert.dectim.ca\/projectx\/tp2\/wp-content\/uploads\/2026\/02\/projet3-hero-1280x560.webp 1280w, https:\/\/ehebert.dectim.ca\/projectx\/tp2\/wp-content\/uploads\/2026\/02\/projet3-hero-1920x840.webp 1920w\" sizes=\"auto, (max-width: 1024px) 100vw, 1024px\" \/>\t\t\t\t\t<\/a>\n\t\t\t\t\t\t\t<\/div>\n\t\t\t\t\t\t<h2 class=\"uagb-post__title uagb-post__text\">\n\t\t\t\t<a href=\"https:\/\/ehebert.dectim.ca\/projectx\/tp2\/projet-3\/\" target=\"_self\" rel=\"bookmark noopener noreferrer\">Monstre M\u00e9canique<\/a>\n\t\t\t<\/h2>\n\t\t\t\t\t\t<div class='uagb-post__text uagb-post-grid-byline'>\n\t\t\t\t\t\t\t\t<span class=\"uagb-post__author\">\n\t\t\t\t\t\t\t\t\t<a href=\"https:\/\/ehebert.dectim.ca\/projectx\/tp2\/author\/eli\/\" title=\"Articles par \u00c9li Bousquet\" rel=\"author\">\u00c9li Bousquet<\/a>\t\t\t\t<\/span>\n\t\t\t\t\t\t<\/div>\n\t\t\t\t\t\t<div class=\"uagb-post__text uagb-post__cta wp-block-button\">\n\t\t\t\t<a class=\"wp-block-button__link uagb-text-link\" style=\"\" href=\"https:\/\/ehebert.dectim.ca\/projectx\/tp2\/projet-3\/\" target=\"_self\" rel=\"bookmark noopener noreferrer\"> En savoir plus<\/a>\n\t\t\t<\/div>\n\t\t\t\t\t\t<div class=\"uagb-post__text uagb-post__cta wp-block-button\">\n\t\t\t\t<a class=\"wp-block-button__link uagb-text-link\" style=\"\" href=\"https:\/\/ehebert.dectim.ca\/projectx\/tp2\/projet-3\/\" target=\"_self\" rel=\"bookmark noopener noreferrer\"> En savoir plus<\/a>\n\t\t\t<\/div>\n\t\t\t\n\t\t\t\t\t\t\t\t\t<\/article>\n\t\t\t\t\t\t\t\t\t\t\t\t\t\t\t\t<article class=\"uagb-post__inner-wrap\">\t\t\t\t\t\t\t\t<div class='uagb-post__image'>\n\t\t\t\t\t\t\t\t\t<a href=\"https:\/\/ehebert.dectim.ca\/projectx\/tp2\/projet-4\/\" target=\"_self\" rel=\"bookmark noopener noreferrer\" class='uagb-image-ratio-2-3'><img loading=\"lazy\" decoding=\"async\" width=\"1024\" height=\"491\" src=\"https:\/\/ehebert.dectim.ca\/projectx\/tp2\/wp-content\/uploads\/2026\/02\/projet4-hero-1024x491.webp\" class=\"attachment-large size-large\" alt=\"\" srcset=\"https:\/\/ehebert.dectim.ca\/projectx\/tp2\/wp-content\/uploads\/2026\/02\/projet4-hero-1024x491.webp 1024w, https:\/\/ehebert.dectim.ca\/projectx\/tp2\/wp-content\/uploads\/2026\/02\/projet4-hero-300x144.webp 300w, https:\/\/ehebert.dectim.ca\/projectx\/tp2\/wp-content\/uploads\/2026\/02\/projet4-hero-768x368.webp 768w, https:\/\/ehebert.dectim.ca\/projectx\/tp2\/wp-content\/uploads\/2026\/02\/projet4-hero-500x240.webp 500w, https:\/\/ehebert.dectim.ca\/projectx\/tp2\/wp-content\/uploads\/2026\/02\/projet4-hero-800x384.webp 800w, https:\/\/ehebert.dectim.ca\/projectx\/tp2\/wp-content\/uploads\/2026\/02\/projet4-hero-1280x614.webp 1280w, https:\/\/ehebert.dectim.ca\/projectx\/tp2\/wp-content\/uploads\/2026\/02\/projet4-hero.webp 1286w\" sizes=\"auto, (max-width: 1024px) 100vw, 1024px\" \/>\t\t\t\t\t<\/a>\n\t\t\t\t\t\t\t<\/div>\n\t\t\t\t\t\t<h2 class=\"uagb-post__title uagb-post__text\">\n\t\t\t\t<a href=\"https:\/\/ehebert.dectim.ca\/projectx\/tp2\/projet-4\/\" target=\"_self\" rel=\"bookmark noopener noreferrer\">Nuages et mers<\/a>\n\t\t\t<\/h2>\n\t\t\t\t\t\t<div class='uagb-post__text uagb-post-grid-byline'>\n\t\t\t\t\t\t\t\t<span class=\"uagb-post__author\">\n\t\t\t\t\t\t\t\t\t<a href=\"https:\/\/ehebert.dectim.ca\/projectx\/tp2\/author\/2356701\/\" title=\"Articles par Nathan Fortier\" rel=\"author\">Nathan Fortier<\/a>\t\t\t\t<\/span>\n\t\t\t\t\t\t<\/div>\n\t\t\t\t\t\t<div class=\"uagb-post__text uagb-post__cta wp-block-button\">\n\t\t\t\t<a class=\"wp-block-button__link uagb-text-link\" style=\"\" href=\"https:\/\/ehebert.dectim.ca\/projectx\/tp2\/projet-4\/\" target=\"_self\" rel=\"bookmark noopener noreferrer\"> En savoir plus<\/a>\n\t\t\t<\/div>\n\t\t\t\t\t\t<div class=\"uagb-post__text uagb-post__cta wp-block-button\">\n\t\t\t\t<a class=\"wp-block-button__link uagb-text-link\" style=\"\" href=\"https:\/\/ehebert.dectim.ca\/projectx\/tp2\/projet-4\/\" target=\"_self\" rel=\"bookmark noopener noreferrer\"> En savoir plus<\/a>\n\t\t\t<\/div>\n\t\t\t\n\t\t\t\t\t\t\t\t\t<\/article>\n\t\t\t\t\t\t\t\t\t\t\t<\/div>\n\t\t\t<\/div>\n","protected":false},"excerpt":{"rendered":"<p>Une vitrine de nos r\u00e9centes cr\u00e9ations alliant innovation technique et vision cr\u00e9ative.<\/p>\n","protected":false},"author":1,"featured_media":0,"parent":0,"menu_order":0,"comment_status":"closed","ping_status":"closed","template":"","meta":{"_acf_changed":false,"_uag_custom_page_level_css":"","site-sidebar-layout":"default","site-content-layout":"","ast-site-content-layout":"default","site-content-style":"default","site-sidebar-style":"default","ast-global-header-display":"","ast-banner-title-visibility":"","ast-main-header-display":"","ast-hfb-above-header-display":"","ast-hfb-below-header-display":"","ast-hfb-mobile-header-display":"","site-post-title":"disabled","ast-breadcrumbs-content":"","ast-featured-img":"","footer-sml-layout":"","ast-disable-related-posts":"","theme-transparent-header-meta":"","adv-header-id-meta":"","stick-header-meta":"","header-above-stick-meta":"","header-main-stick-meta":"","header-below-stick-meta":"","astra-migrate-meta-layouts":"default","ast-page-background-enabled":"default","ast-page-background-meta":{"desktop":{"background-color":"var(--ast-global-color-5)","background-image":"","background-repeat":"repeat","background-position":"center center","background-size":"auto","background-attachment":"scroll","background-type":"","background-media":"","overlay-type":"","overlay-color":"","overlay-opacity":"","overlay-gradient":""},"tablet":{"background-color":"","background-image":"","background-repeat":"repeat","background-position":"center center","background-size":"auto","background-attachment":"scroll","background-type":"","background-media":"","overlay-type":"","overlay-color":"","overlay-opacity":"","overlay-gradient":""},"mobile":{"background-color":"","background-image":"","background-repeat":"repeat","background-position":"center center","background-size":"auto","background-attachment":"scroll","background-type":"","background-media":"","overlay-type":"","overlay-color":"","overlay-opacity":"","overlay-gradient":""}},"ast-content-background-meta":{"desktop":{"background-color":"var(--ast-global-color-4)","background-image":"","background-repeat":"repeat","background-position":"center center","background-size":"auto","background-attachment":"scroll","background-type":"","background-media":"","overlay-type":"","overlay-color":"","overlay-opacity":"","overlay-gradient":""},"tablet":{"background-color":"var(--ast-global-color-4)","background-image":"","background-repeat":"repeat","background-position":"center center","background-size":"auto","background-attachment":"scroll","background-type":"","background-media":"","overlay-type":"","overlay-color":"","overlay-opacity":"","overlay-gradient":""},"mobile":{"background-color":"var(--ast-global-color-4)","background-image":"","background-repeat":"repeat","background-position":"center center","background-size":"auto","background-attachment":"scroll","background-type":"","background-media":"","overlay-type":"","overlay-color":"","overlay-opacity":"","overlay-gradient":""}},"footnotes":""},"class_list":["post-229","page","type-page","status-publish","hentry"],"acf":[],"uagb_featured_image_src":{"full":false,"thumbnail":false,"medium":false,"medium_large":false,"large":false,"1536x1536":false,"2048x2048":false,"awb_sm":false,"awb_md":false,"awb_lg":false,"awb_xl":false},"uagb_author_info":{"display_name":"\u00c9mile H\u00e9bert","author_link":"https:\/\/ehebert.dectim.ca\/projectx\/tp2\/author\/emile\/"},"uagb_comment_info":0,"uagb_excerpt":"Une vitrine de nos r\u00e9centes cr\u00e9ations alliant innovation technique et vision cr\u00e9ative.","_links":{"self":[{"href":"https:\/\/ehebert.dectim.ca\/projectx\/tp2\/wp-json\/wp\/v2\/pages\/229","targetHints":{"allow":["GET"]}}],"collection":[{"href":"https:\/\/ehebert.dectim.ca\/projectx\/tp2\/wp-json\/wp\/v2\/pages"}],"about":[{"href":"https:\/\/ehebert.dectim.ca\/projectx\/tp2\/wp-json\/wp\/v2\/types\/page"}],"author":[{"embeddable":true,"href":"https:\/\/ehebert.dectim.ca\/projectx\/tp2\/wp-json\/wp\/v2\/users\/1"}],"replies":[{"embeddable":true,"href":"https:\/\/ehebert.dectim.ca\/projectx\/tp2\/wp-json\/wp\/v2\/comments?post=229"}],"version-history":[{"count":208,"href":"https:\/\/ehebert.dectim.ca\/projectx\/tp2\/wp-json\/wp\/v2\/pages\/229\/revisions"}],"predecessor-version":[{"id":5823,"href":"https:\/\/ehebert.dectim.ca\/projectx\/tp2\/wp-json\/wp\/v2\/pages\/229\/revisions\/5823"}],"wp:attachment":[{"href":"https:\/\/ehebert.dectim.ca\/projectx\/tp2\/wp-json\/wp\/v2\/media?parent=229"}],"curies":[{"name":"wp","href":"https:\/\/api.w.org\/{rel}","templated":true}]}}